{"id":258,"date":"2024-02-09T10:17:40","date_gmt":"2024-02-09T14:17:40","guid":{"rendered":"http:\/\/ayuntamiento.o\/transparencia\/?page_id=258"},"modified":"2025-02-20T17:01:57","modified_gmt":"2025-02-20T21:01:57","slug":"responsable-de-acceso-a-la-informacion","status":"publish","type":"page","link":"https:\/\/juntamunicipalcanachapeton.gob.do\/transparencia\/responsable-de-acceso-a-la-informacion\/","title":{"rendered":"Responsable de Acceso a la Informaci\u00f3n"},"content":{"rendered":"\n\n\n<div class=\"wp-block-media-text alignwide is-stacked-on-mobile\"><figure class=\"wp-block-media-text__media\"><img loading=\"lazy\" width=\"700\" height=\"933\" src=\"http:\/\/juntamunicipalcanachapeton.gob.do\/transparencia\/wp-content\/uploads\/2024\/08\/IMG-20240812-WA0003-700x933.jpg\" alt=\"\" class=\"wp-image-1311 size-full\" srcset=\"https:\/\/juntamunicipalcanachapeton.gob.do\/transparencia\/wp-content\/uploads\/2024\/08\/IMG-20240812-WA0003-700x933.jpg 700w, https:\/\/juntamunicipalcanachapeton.gob.do\/transparencia\/wp-content\/uploads\/2024\/08\/IMG-20240812-WA0003-250x333.jpg 250w, https:\/\/juntamunicipalcanachapeton.gob.do\/transparencia\/wp-content\/uploads\/2024\/08\/IMG-20240812-WA0003-768x1024.jpg 768w, https:\/\/juntamunicipalcanachapeton.gob.do\/transparencia\/wp-content\/uploads\/2024\/08\/IMG-20240812-WA0003-120x160.jpg 120w, https:\/\/juntamunicipalcanachapeton.gob.do\/transparencia\/wp-content\/uploads\/2024\/08\/IMG-20240812-WA0003.jpg 960w\" sizes=\"(max-width: 700px) 100vw, 700px\" \/><\/figure><div class=\"wp-block-media-text__content\">\n<p class=\"has-large-font-size\"><strong>Lizmarian G\u00f3mez Rodr\u00edguez<\/strong><\/p>\n\n\n\n<p>Responsable de la oficina de libre Acceso a la Informaci\u00f3n p\u00fablica <strong>Junta Municipal Cana Chapeto<\/strong>n<strong> Enero 2025<\/strong><\/p>\n<\/div><\/div>\n\n\n\n<h3>Contacto Responsable de Acceso a la Informaci\u00f3n Mes De Noviembre 2024<\/h3>\n<p><span class=\"has-inline-color\"><strong>Tel\u00e9fono<\/strong>: 829-774-0798<br \/><strong>Extensi\u00f3n:<\/strong> 809-205-4858<br \/><strong>Correo electr\u00f3nico:<\/strong> <a href=\"mailto:rai.canachapeton@gmail.com\">rai.canachapeton@gmail.com<\/a><br \/><strong>Direcci\u00f3n:<\/strong> Ave. Carretera Ma\u00f3, Guayabin calle principal, R.D<\/span><\/p>\n<h2>oficina de libre Acceso a la Informaci\u00f3n p\u00fablica se\u00f1alizada y equipada<\/h2>\n<h2>\u00a0<\/h2>\n\n\n\n<figure class=\"wp-container-2 wp-block-gallery-1 wp-block-gallery has-nested-images columns-default is-cropped\">\n<figure class=\"wp-block-image\"><img loading=\"lazy\" width=\"960\" height=\"1280\" data-id=\"1309\"  src=\"http:\/\/juntamunicipalcanachapeton.gob.do\/transparencia\/wp-content\/uploads\/2024\/08\/IMG-20240812-WA0001.jpg\" alt=\"\" class=\"wp-image-1309\" srcset=\"https:\/\/juntamunicipalcanachapeton.gob.do\/transparencia\/wp-content\/uploads\/2024\/08\/IMG-20240812-WA0001.jpg 960w, https:\/\/juntamunicipalcanachapeton.gob.do\/transparencia\/wp-content\/uploads\/2024\/08\/IMG-20240812-WA0001-250x333.jpg 250w, https:\/\/juntamunicipalcanachapeton.gob.do\/transparencia\/wp-content\/uploads\/2024\/08\/IMG-20240812-WA0001-700x933.jpg 700w, https:\/\/juntamunicipalcanachapeton.gob.do\/transparencia\/wp-content\/uploads\/2024\/08\/IMG-20240812-WA0001-768x1024.jpg 768w, https:\/\/juntamunicipalcanachapeton.gob.do\/transparencia\/wp-content\/uploads\/2024\/08\/IMG-20240812-WA0001-120x160.jpg 120w\" sizes=\"(max-width: 960px) 100vw, 960px\" \/><\/figure>\n\n\n\n<figure class=\"wp-block-image\"><img loading=\"lazy\" width=\"960\" height=\"1280\" data-id=\"1308\"  src=\"http:\/\/juntamunicipalcanachapeton.gob.do\/transparencia\/wp-content\/uploads\/2024\/08\/Imagen-de-WhatsApp-2024-08-12-a-las-11.27.03_b788ad01.jpg\" alt=\"\" class=\"wp-image-1308\" srcset=\"https:\/\/juntamunicipalcanachapeton.gob.do\/transparencia\/wp-content\/uploads\/2024\/08\/Imagen-de-WhatsApp-2024-08-12-a-las-11.27.03_b788ad01.jpg 960w, https:\/\/juntamunicipalcanachapeton.gob.do\/transparencia\/wp-content\/uploads\/2024\/08\/Imagen-de-WhatsApp-2024-08-12-a-las-11.27.03_b788ad01-250x333.jpg 250w, https:\/\/juntamunicipalcanachapeton.gob.do\/transparencia\/wp-content\/uploads\/2024\/08\/Imagen-de-WhatsApp-2024-08-12-a-las-11.27.03_b788ad01-700x933.jpg 700w, https:\/\/juntamunicipalcanachapeton.gob.do\/transparencia\/wp-content\/uploads\/2024\/08\/Imagen-de-WhatsApp-2024-08-12-a-las-11.27.03_b788ad01-768x1024.jpg 768w, https:\/\/juntamunicipalcanachapeton.gob.do\/transparencia\/wp-content\/uploads\/2024\/08\/Imagen-de-WhatsApp-2024-08-12-a-las-11.27.03_b788ad01-120x160.jpg 120w\" sizes=\"(max-width: 960px) 100vw, 960px\" \/><\/figure>\n\n\n\n<figure class=\"wp-block-image\"><img loading=\"lazy\" width=\"960\" height=\"1280\" data-id=\"1312\"  src=\"http:\/\/juntamunicipalcanachapeton.gob.do\/transparencia\/wp-content\/uploads\/2024\/08\/IMG-20240812-WA0004.jpg\" alt=\"\" class=\"wp-image-1312\" srcset=\"https:\/\/juntamunicipalcanachapeton.gob.do\/transparencia\/wp-content\/uploads\/2024\/08\/IMG-20240812-WA0004.jpg 960w, https:\/\/juntamunicipalcanachapeton.gob.do\/transparencia\/wp-content\/uploads\/2024\/08\/IMG-20240812-WA0004-250x333.jpg 250w, https:\/\/juntamunicipalcanachapeton.gob.do\/transparencia\/wp-content\/uploads\/2024\/08\/IMG-20240812-WA0004-700x933.jpg 700w, https:\/\/juntamunicipalcanachapeton.gob.do\/transparencia\/wp-content\/uploads\/2024\/08\/IMG-20240812-WA0004-768x1024.jpg 768w, https:\/\/juntamunicipalcanachapeton.gob.do\/transparencia\/wp-content\/uploads\/2024\/08\/IMG-20240812-WA0004-120x160.jpg 120w\" sizes=\"(max-width: 960px) 100vw, 960px\" \/><\/figure>\n<\/figure>\n\n\n\n<h2>Formulario  de solicitud<\/h2>\n\n\n\n<div class=\"wp-block-file\"><a id=\"wp-block-file--media-c073b861-568e-445c-90c1-8642ca1357dc\" href=\"http:\/\/juntamunicipalcanachapeton.gob.do\/transparencia\/wp-content\/uploads\/2022\/02\/FORMULARIO-de-solicitud-de-informacion-a-oficina-de-libre-acceso..pdf\">FORMULARIO de solicitud de informacion a oficina de libre acceso.<\/a><a href=\"http:\/\/juntamunicipalcanachapeton.gob.do\/transparencia\/wp-content\/uploads\/2022\/02\/FORMULARIO-de-solicitud-de-informacion-a-oficina-de-libre-acceso..pdf\" class=\"wp-block-file__button\" download aria-describedby=\"wp-block-file--media-c073b861-568e-445c-90c1-8642ca1357dc\">Descarga<\/a><\/div>\n","protected":false},"excerpt":{"rendered":"Lizmarian G\u00f3mez Rodr\u00edguez Responsable de la oficina de libre Acceso a la Informaci\u00f3n p\u00fablica Junta Municipal Cana Chapeton Enero 2025 Contacto Responsable de Acceso a la Informaci\u00f3n Mes De Noviembre 2024 Tel\u00e9fono: 829-774-0798Extensi\u00f3n: 809-205-4858Correo electr\u00f3nico: rai.canachapeton@gmail.comDirecci\u00f3n: Ave. Carretera Ma\u00f3, Guayabin calle principal, R.D oficina de libre Acceso a la Informaci\u00f3n p\u00fablica se\u00f1alizada y equipada \u00a0&#8230;","protected":false},"author":4,"featured_media":0,"parent":0,"menu_order":0,"comment_status":"closed","ping_status":"closed","template":"","meta":[],"_links":{"self":[{"href":"https:\/\/juntamunicipalcanachapeton.gob.do\/transparencia\/wp-json\/wp\/v2\/pages\/258"}],"collection":[{"href":"https:\/\/juntamunicipalcanachapeton.gob.do\/transparencia\/wp-json\/wp\/v2\/pages"}],"about":[{"href":"https:\/\/juntamunicipalcanachapeton.gob.do\/transparencia\/wp-json\/wp\/v2\/types\/page"}],"author":[{"embeddable":true,"href":"https:\/\/juntamunicipalcanachapeton.gob.do\/transparencia\/wp-json\/wp\/v2\/users\/4"}],"replies":[{"embeddable":true,"href":"https:\/\/juntamunicipalcanachapeton.gob.do\/transparencia\/wp-json\/wp\/v2\/comments?post=258"}],"version-history":[{"count":33,"href":"https:\/\/juntamunicipalcanachapeton.gob.do\/transparencia\/wp-json\/wp\/v2\/pages\/258\/revisions"}],"predecessor-version":[{"id":1472,"href":"https:\/\/juntamunicipalcanachapeton.gob.do\/transparencia\/wp-json\/wp\/v2\/pages\/258\/revisions\/1472"}],"wp:attachment":[{"href":"https:\/\/juntamunicipalcanachapeton.gob.do\/transparencia\/wp-json\/wp\/v2\/media?parent=258"}],"curies":[{"name":"wp","href":"https:\/\/api.w.org\/{rel}","templated":true}]}}